{"id":18,"date":"2023-05-19T06:24:27","date_gmt":"2023-05-19T06:24:27","guid":{"rendered":"https:\/\/xstore.8theme.com\/elementor2\/spices\/checkout\/"},"modified":"2025-03-14T23:22:33","modified_gmt":"2025-03-14T22:22:33","slug":"checkout","status":"publish","type":"page","link":"https:\/\/cvharhoura.com\/en\/checkout\/","title":{"rendered":"Checkout"},"content":{"rendered":"<p>Vous avez un coupon? <a href=\"#\">Cliquez ici pour entrer votre code<\/a>\t<\/p>\n<p>\n                    <label for=\"coupon_code\">Coupon:<\/label><br \/>\n                    <input type=\"text\" name=\"coupon_code\" placeholder=\"Coupon code\" id=\"coupon_code\" value=\"\" \/>\n                <\/p>\n<p>\n                    <button name=\"apply_coupon\" type=\"submit\" value=\"Appliquer\"><br \/>\n            Appliquer<br \/>\n                            <\/button>\n                <\/p>\n<h3>\n        D\u00e9tails de livraison<br \/>\n        <\/h3>\n<p id=\"billing_first_name_field\" data-priority=\"10\"><label for=\"billing_first_name\">Nom Complet&nbsp;*<\/label><input type=\"text\" name=\"billing_first_name\" id=\"billing_first_name\" placeholder=\"Nom Complet\"  value=\"test\" aria-required=\"true\" autocomplete=\"given-name\" \/><\/p>\n<p id=\"billing_country_field\" data-priority=\"30\"><label for=\"billing_country\">Pays\/r\u00e9gion&nbsp;*<\/label><strong>Maroc<\/strong><input type=\"hidden\" name=\"billing_country\" id=\"billing_country\" value=\"MA\" aria-required=\"true\" autocomplete=\"country\" readonly=\"readonly\" \/><\/p>\n<p id=\"billing_state_field\" data-priority=\"70\"><label for=\"billing_state\">Ville\u00a0\/\u00a0R\u00e9gion&nbsp;*<\/label><select name=\"billing_state\" id=\"billing_state\" aria-required=\"true\" autocomplete=\"address-level1\" data-placeholder=\"S\u00e9lectionner une option\u2026\"  data-input-classes=\"\" data-label=\"Ville\u00a0\/\u00a0R\u00e9gion\"><option value=\"\">S\u00e9lectionner une option\u2026<\/option><option value=\"maagd\" >Agadir-Ida Ou Tanane<\/option><option value=\"maazi\" >Azilal<\/option><option value=\"mabem\" >B\u00e9ni-Mellal<\/option><option value=\"maber\" >Berkane<\/option><option value=\"mabes\" >Ben Slimane<\/option><option value=\"mabod\" >Boujdour<\/option><option value=\"mabom\" >Boulemane<\/option><option value=\"mabrr\" >Berrechid<\/option><option value=\"macas\" >Casablanca<\/option><option value=\"mache\" >Chefchaouen<\/option><option value=\"machi\" >Chichaoua<\/option><option value=\"macht\" >Chtouka A\u00eft Baha<\/option><option value=\"madri\" >Driouch<\/option><option value=\"maedi\" >Essaouira<\/option><option value=\"maerr\" >Errachidia<\/option><option value=\"mafah\" >Fahs-Beni Makada<\/option><option value=\"mafes\" >F\u00e8s-Dar-Dbibegh<\/option><option value=\"mafig\" >Figuig<\/option><option value=\"mafqh\" >Fquih Ben Salah<\/option><option value=\"mague\" >Guelmim<\/option><option value=\"maguf\" >Guercif<\/option><option value=\"mahaj\" >El Hajeb<\/option><option value=\"mahao\" >Al Haouz<\/option><option value=\"mahoc\" >Al Hoce\u00efma<\/option><option value=\"maifr\" >Ifrane<\/option><option value=\"maine\" >Inezgane-A\u00eft Melloul<\/option><option value=\"majdi\" >El Jadida<\/option><option value=\"majra\" >Jerada<\/option><option value=\"maken\" >K\u00e9nitra<\/option><option value=\"makes\" >El Kela\u00e2 des Sraghna<\/option><option value=\"makhe\" >Khemisset<\/option><option value=\"makhn\" >Kh\u00e9nifra<\/option><option value=\"makho\" >Khouribga<\/option><option value=\"malaa\" >La\u00e2youne<\/option><option value=\"malar\" >Larache<\/option><option value=\"mamar\" >Marrakech<\/option><option value=\"mamdf\" >M\u2019diq-Fnideq<\/option><option value=\"mamed\" >M\u00e9diouna<\/option><option value=\"mamek\" >Mekn\u00e8s<\/option><option value=\"mamid\" >Midelt<\/option><option value=\"mammd\" >Marrakech-M\u00e9dina<\/option><option value=\"mammn\" >Marrakech-M\u00e9nara<\/option><option value=\"mamoh\" >Mohammedia<\/option><option value=\"mamou\" >Moulay Yacoub<\/option><option value=\"manad\" >Nador<\/option><option value=\"manou\" >Nouaceur<\/option><option value=\"maoua\" >Ouarzazate<\/option><option value=\"maoud\" >Oued Ed-Dahab<\/option><option value=\"maouj\" >Oujda-Angad<\/option><option value=\"maouz\" >Ouezzane<\/option><option value=\"marab\" >Rabat<\/option><option value=\"mareh\" >Rehamna<\/option><option value=\"masaf\" >Safi<\/option><option value=\"masal\" >Sal\u00e9<\/option><option value=\"masef\" >Sefrou<\/option><option value=\"maset\" >Settat<\/option><option value=\"masib\" >Sidi Bennour<\/option><option value=\"masif\" >Sidi Ifni<\/option><option value=\"masik\" >Sidi Kacem<\/option><option value=\"masil\" >Sidi Slimane<\/option><option value=\"maskh\" >Skhirat-T\u00e9mara<\/option><option value=\"masyb\" >Sidi Youssef Ben Ali<\/option><option value=\"mataf\" >Tarfaya (EH-partial)<\/option><option value=\"matai\" >Taourirt<\/option><option value=\"matao\" >Taounate<\/option><option value=\"matar\" >Taroudant<\/option><option value=\"matat\" >Tata<\/option><option value=\"mataz\" >Taza<\/option><option value=\"matet\" >T\u00e9touan<\/option><option value=\"matin\" >Tinghir<\/option><option value=\"matiz\" >Tiznit<\/option><option value=\"matng\" >Tanger-Assilah<\/option><option value=\"matnt\" >Tan-Tan<\/option><option value=\"mayus\" >Youssoufia<\/option><option value=\"mazag\" >Zagora<\/option><\/select><\/p>\n<p id=\"billing_address_1_field\" data-priority=\"40\"><label for=\"billing_address_1\">Adresse&nbsp;*<\/label><input type=\"text\" name=\"billing_address_1\" id=\"billing_address_1\" placeholder=\"\"  value=\"vv\" aria-required=\"true\" autocomplete=\"address-line1\" \/><\/p>\n<p id=\"billing_phone_field\" data-priority=\"80\"><label for=\"billing_phone\">T\u00e9l\u00e9phone&nbsp;*<\/label><input type=\"tel\" name=\"billing_phone\" id=\"billing_phone\" placeholder=\"T\u00e9l\u00e9phone\"  value=\"+10627086105\" aria-required=\"true\" autocomplete=\"tel\" \/><\/p>\n<p id=\"billing_email_field\" data-priority=\"90\"><label for=\"billing_email\">Email &nbsp;(facultatif)<\/label><input type=\"email\" name=\"billing_email\" id=\"billing_email\" placeholder=\"Email \"  value=\"user1@user-mail.net\" autocomplete=\"email\" \/><\/p>\n<p><wc-order-attribution-inputs><\/wc-order-attribution-inputs><br \/>\n            <a data-fallback-text=\"Return to shopping\" data-fallback-url=\"https:\/\/cvharhoura.com\/shop\/\" href=\"https:\/\/cvharhoura.com\/shop\/\">Retour \u00e0 la boutique<\/a>            Continuer vers New Customer        <\/p>\n<h3>\n        New Customer<br \/>\n        <\/h3>\n<p>\n            <label><br \/>\n                <input id=\"createaccount\"  type=\"checkbox\" name=\"createaccount\" value=\"1\" \/> Create an account?<br \/>\n            <\/label>\n        <\/p>\n<p id=\"account_password_field\" data-priority=\"\"><label for=\"account_password\">Cr\u00e9er le mot de passe du compte&nbsp;*<\/label><input type=\"password\" name=\"account_password\" id=\"account_password\" placeholder=\"\"  value=\"\" aria-required=\"true\" autocomplete=\"new-password\" \/><\/p>\n<p>            Revenir \u00e0 la facturation            Continuer vers Notes de commandes        <\/p>\n<h3>\n                        Informations suppl\u00e9mentaires<br \/>\n                    <\/h3>\n<p id=\"order_comments_field\" data-priority=\"\"><label for=\"order_comments\">Notes de commande&nbsp;(facultatif)<\/label><textarea name=\"order_comments\" id=\"order_comments\" placeholder=\"Notes concernant votre commande, par exemple des instructions sp\u00e9ciales pour la livraison\"  rows=\"2\" cols=\"5\"><\/textarea><\/p>\n<p>            Return to account            Continuer vers Modes de livraison        <\/p>\n<h3>\n                    Modes de livraison<br \/>\n                    <\/h3>\n<table>\n<tbody>\n<li>Sorry, it seems that there are no shipping options available. Please contact us if you require assistance or wish to make alternate arrangements.<\/li>\n<\/tbody>\n<\/table>\n<p>            Revenir aux notes de commande            Continuer vers<br \/>\nPaiement        <\/p>\n<ul>\n<li>\n\t<input id=\"payment_method_cod\" type=\"radio\" name=\"payment_method\" value=\"cod\"  checked='checked' data-order_button_text=\"\" \/><br \/>\n\t<label for=\"payment_method_cod\"><br \/>\n\t\tPaiement \u00e0 la livraison \t<\/label><\/p>\n<p>Payez en esp\u00e8ces \u00e0 la livraison.<\/p>\n<\/li>\n<\/ul>\n<p>\t\t<noscript><br \/>\n\t\t\tVotre navigateur ne supporte pas JavaScript ou bien il est d\u00e9sactiv\u00e9, assurez vous de cliquer sur le bouton <em>Mise \u00e0 Jour Totaux<\/em> avant de passer votre commande. Vous pouvez \u00eatre factur\u00e9 plus que le montant indiqu\u00e9 ci-dessus si vous omettez de le faire.\t\t\t<br \/><button type=\"submit\" name=\"woocommerce_checkout_update_totals\" value=\"Mise \u00e0 jour des totaux\">Mise \u00e0 jour des totaux<\/button><br \/>\n\t\t<\/noscript><br \/>\n\t\t<button type=\"submit\" name=\"woocommerce_checkout_place_order\" id=\"place_order\" value=\"Commander\" data-value=\"Commander\">Commander<\/button><br \/>\n\t\t<input type=\"hidden\" id=\"woocommerce-process-checkout-nonce\" name=\"woocommerce-process-checkout-nonce\" value=\"2fff562f43\" \/><input type=\"hidden\" name=\"_wp_http_referer\" value=\"\/wp-admin\/admin-ajax.php\" \/>\t<\/p>\n<h3>\n                                            Votre commande<br \/>\n                                        <\/h3>\n<table>\n<thead>\n<tr>\n<th colspan=\"2\">Product<\/th>\n<\/tr>\n<\/thead>\n<tbody>\n<tr>\n<td colspan=\"2\">\n                                                <img width=\"600\" height=\"600\" src=\"http:\/\/cvharhoura.com\/wp-content\/uploads\/2024\/03\/HILLS-SCIENCE-PLAN-Aliment-pour-Chaton-Sterilise-au-POULET-600x600.png\" alt=\"\" decoding=\"async\" loading=\"lazy\" srcset=\"https:\/\/cvharhoura.com\/wp-content\/uploads\/2024\/03\/HILLS-SCIENCE-PLAN-Aliment-pour-Chaton-Sterilise-au-POULET-600x600.png 600w, https:\/\/cvharhoura.com\/wp-content\/uploads\/2024\/03\/HILLS-SCIENCE-PLAN-Aliment-pour-Chaton-Sterilise-au-POULET-300x300.png 300w, https:\/\/cvharhoura.com\/wp-content\/uploads\/2024\/03\/HILLS-SCIENCE-PLAN-Aliment-pour-Chaton-Sterilise-au-POULET-1024x1024.png 1024w, https:\/\/cvharhoura.com\/wp-content\/uploads\/2024\/03\/HILLS-SCIENCE-PLAN-Aliment-pour-Chaton-Sterilise-au-POULET-150x150.png 150w, https:\/\/cvharhoura.com\/wp-content\/uploads\/2024\/03\/HILLS-SCIENCE-PLAN-Aliment-pour-Chaton-Sterilise-au-POULET-768x768.png 768w, https:\/\/cvharhoura.com\/wp-content\/uploads\/2024\/03\/HILLS-SCIENCE-PLAN-Aliment-pour-Chaton-Sterilise-au-POULET-370x370.png 370w, https:\/\/cvharhoura.com\/wp-content\/uploads\/2024\/03\/HILLS-SCIENCE-PLAN-Aliment-pour-Chaton-Sterilise-au-POULET-90x90.png 90w, https:\/\/cvharhoura.com\/wp-content\/uploads\/2024\/03\/HILLS-SCIENCE-PLAN-Aliment-pour-Chaton-Sterilise-au-POULET-180x180.png 180w, https:\/\/cvharhoura.com\/wp-content\/uploads\/2024\/03\/HILLS-SCIENCE-PLAN-Aliment-pour-Chaton-Sterilise-au-POULET-760x760.png 760w, https:\/\/cvharhoura.com\/wp-content\/uploads\/2024\/03\/HILLS-SCIENCE-PLAN-Aliment-pour-Chaton-Sterilise-au-POULET-740x740.png 740w, https:\/\/cvharhoura.com\/wp-content\/uploads\/2024\/03\/HILLS-SCIENCE-PLAN-Aliment-pour-Chaton-Sterilise-au-POULET-100x100.png 100w, https:\/\/cvharhoura.com\/wp-content\/uploads\/2024\/03\/HILLS-SCIENCE-PLAN-Aliment-pour-Chaton-Sterilise-au-POULET.png 1500w\" sizes=\"auto, (max-width: 600px) 100vw, 600px\" \/>                                                    HILL&rsquo;S SCIENCE PLAN Aliment pour Chaton St\u00e9rilis\u00e9 au POULET  &#8211;  3Kg<br \/>\n                <svg version=\"1.1\" xmlns=\"http:\/\/www.w3.org\/2000\/svg\" width=\".7em\" height=\".7em\" viewBox=\"0 0 24 24\">\n                    <path d=\"M23.52 11.4h-23.040c-0.264 0-0.48 0.216-0.48 0.48v0.24c0 0.264 0.216 0.48 0.48 0.48h23.040c0.264 0 0.48-0.216 0.48-0.48v-0.24c0-0.264-0.216-0.48-0.48-0.48z\"><\/path>\n                <\/svg><br \/>\n        \t<label for=\"quantity_67d4ac29666b6\">quantit\u00e9 de HILL&#039;S SCIENCE PLAN Aliment pour Chaton St\u00e9rilis\u00e9 au POULET  &#8211;  3Kg<\/label><br \/>\n\t<input\n\t\ttype=\"number\"\n\t\t\t\tid=\"quantity_67d4ac29666b6\"\n\t\tclass=\"input-text qty text\"\n\t\tname=\"cart[a40511cad8383e5ae8ddd8b855d135da][qty]\"\n\t\tvalue=\"1\"\n\t\taria-label=\"Quantit\u00e9 de produits\"\n\t\t\t\tmin=\"0\"\n\t\tmax=\"\"\n\t\t\t\t\tstep=\"1\"\n\t\t\tplaceholder=\"\"\n\t\t\tinputmode=\"numeric\"\n\t\t\tautocomplete=\"off\"\n\t\t\t\/><br \/>\n            <svg version=\"1.1\" xmlns=\"http:\/\/www.w3.org\/2000\/svg\" width=\".7em\" height=\".7em\" viewBox=\"0 0 24 24\">\n                <path d=\"M23.52 11.4h-10.92v-10.92c0-0.264-0.216-0.48-0.48-0.48h-0.24c-0.264 0-0.48 0.216-0.48 0.48v10.92h-10.92c-0.264 0-0.48 0.216-0.48 0.48v0.24c0 0.264 0.216 0.48 0.48 0.48h10.92v10.92c0 0.264 0.216 0.48 0.48 0.48h0.24c0.264 0 0.48-0.216 0.48-0.48v-10.92h10.92c0.264 0 0.48-0.216 0.48-0.48v-0.24c0-0.264-0.216-0.48-0.48-0.48z\"><\/path>\n                <\/svg><br \/>\n &times;&nbsp;<bdi>400.00&nbsp;MAD<\/bdi><br \/>\n                                Sous-total: <bdi>400.00&nbsp;MAD<\/bdi>\n                                                                        <\/td>\n<\/tr>\n<\/tbody>\n<tfoot>\n<tr>\n<th>Sous-total<\/th>\n<td><bdi>400.00&nbsp;MAD<\/bdi><\/td>\n<\/tr>\n<tr>\n<th>Total<\/th>\n<td><strong><bdi>400.00&nbsp;MAD<\/bdi><\/strong> <\/td>\n<\/tr>\n<\/tfoot>\n<\/table>\n","protected":false},"excerpt":{"rendered":"<p>Vous avez un coupon? Cliquez ici pour entrer votre code Coupon: Appliquer&#8230;<\/p>","protected":false},"author":1,"featured_media":0,"parent":0,"menu_order":0,"comment_status":"closed","ping_status":"closed","template":"","meta":{"footnotes":""},"_hostinger_reach_plugin_has_subscription_block":false,"_hostinger_reach_plugin_is_elementor":false,"_links":{"self":[{"href":"https:\/\/cvharhoura.com\/en\/wp-json\/wp\/v2\/pages\/18"}],"collection":[{"href":"https:\/\/cvharhoura.com\/en\/wp-json\/wp\/v2\/pages"}],"about":[{"href":"https:\/\/cvharhoura.com\/en\/wp-json\/wp\/v2\/types\/page"}],"author":[{"embeddable":true,"href":"https:\/\/cvharhoura.com\/en\/wp-json\/wp\/v2\/users\/1"}],"replies":[{"embeddable":true,"href":"https:\/\/cvharhoura.com\/en\/wp-json\/wp\/v2\/comments?post=18"}],"version-history":[{"count":27,"href":"https:\/\/cvharhoura.com\/en\/wp-json\/wp\/v2\/pages\/18\/revisions"}],"predecessor-version":[{"id":2126,"href":"https:\/\/cvharhoura.com\/en\/wp-json\/wp\/v2\/pages\/18\/revisions\/2126"}],"wp:attachment":[{"href":"https:\/\/cvharhoura.com\/en\/wp-json\/wp\/v2\/media?parent=18"}],"curies":[{"name":"wp","href":"https:\/\/api.w.org\/{rel}","templated":true}]}}