{"id":17,"date":"2023-05-19T06:24:27","date_gmt":"2023-05-19T06:24:27","guid":{"rendered":"https:\/\/xstore.8theme.com\/elementor2\/spices\/cart\/"},"modified":"2025-03-09T22:22:18","modified_gmt":"2025-03-09T21:22:18","slug":"cart","status":"publish","type":"page","link":"https:\/\/cvharhoura.com\/en\/cart\/","title":{"rendered":"Cart"},"content":{"rendered":"<form action=\"https:\/\/cvharhoura.com\/cart\/\" method=\"post\">\n<table cellspacing=\"0\">\n<thead>\n<tr>\n<th><\/th>\n<th colspan=\"2\">Produit<\/th>\n<th>Prix<\/th>\n<th>Quantit\u00e9<\/th>\n<th>Sous-total<\/th>\n<\/tr>\n<\/thead>\n<tbody>\n<tr>\n<td data-title=\"Remove\">\n                                                        <a href=\"https:\/\/cvharhoura.com\/cart\/?remove_item=b147a61c1d07c1c999560f62add6dbc7&#038;_wpnonce=cda0af9b2f\" title=\"Remove HILL&#039;S SCIENCE PLAN Aliment pour Chaton St\u00e9rilis\u00e9 au POULET  -  300g from cart\"><\/a>\n                                                <\/td>\n<td data-title=\"Product\">\n                                                            <a href=\"https:\/\/cvharhoura.com\/product\/hills-science-plan-aliment-pour-chaton-sterilise-au-poulet-300g\/\"><img width=\"600\" height=\"600\" src=\"http:\/\/cvharhoura.com\/wp-content\/uploads\/2024\/03\/HILLS-SCIENCE-PLAN-Aliment-pour-Chaton-Sterilise-au-POULET-600x600.png\" alt=\"\" decoding=\"async\" loading=\"lazy\" srcset=\"https:\/\/cvharhoura.com\/wp-content\/uploads\/2024\/03\/HILLS-SCIENCE-PLAN-Aliment-pour-Chaton-Sterilise-au-POULET-600x600.png 600w, https:\/\/cvharhoura.com\/wp-content\/uploads\/2024\/03\/HILLS-SCIENCE-PLAN-Aliment-pour-Chaton-Sterilise-au-POULET-300x300.png 300w, https:\/\/cvharhoura.com\/wp-content\/uploads\/2024\/03\/HILLS-SCIENCE-PLAN-Aliment-pour-Chaton-Sterilise-au-POULET-1024x1024.png 1024w, https:\/\/cvharhoura.com\/wp-content\/uploads\/2024\/03\/HILLS-SCIENCE-PLAN-Aliment-pour-Chaton-Sterilise-au-POULET-150x150.png 150w, https:\/\/cvharhoura.com\/wp-content\/uploads\/2024\/03\/HILLS-SCIENCE-PLAN-Aliment-pour-Chaton-Sterilise-au-POULET-768x768.png 768w, https:\/\/cvharhoura.com\/wp-content\/uploads\/2024\/03\/HILLS-SCIENCE-PLAN-Aliment-pour-Chaton-Sterilise-au-POULET-370x370.png 370w, https:\/\/cvharhoura.com\/wp-content\/uploads\/2024\/03\/HILLS-SCIENCE-PLAN-Aliment-pour-Chaton-Sterilise-au-POULET-90x90.png 90w, https:\/\/cvharhoura.com\/wp-content\/uploads\/2024\/03\/HILLS-SCIENCE-PLAN-Aliment-pour-Chaton-Sterilise-au-POULET-180x180.png 180w, https:\/\/cvharhoura.com\/wp-content\/uploads\/2024\/03\/HILLS-SCIENCE-PLAN-Aliment-pour-Chaton-Sterilise-au-POULET-760x760.png 760w, https:\/\/cvharhoura.com\/wp-content\/uploads\/2024\/03\/HILLS-SCIENCE-PLAN-Aliment-pour-Chaton-Sterilise-au-POULET-740x740.png 740w, https:\/\/cvharhoura.com\/wp-content\/uploads\/2024\/03\/HILLS-SCIENCE-PLAN-Aliment-pour-Chaton-Sterilise-au-POULET-100x100.png 100w, https:\/\/cvharhoura.com\/wp-content\/uploads\/2024\/03\/HILLS-SCIENCE-PLAN-Aliment-pour-Chaton-Sterilise-au-POULET.png 1500w\" sizes=\"auto, (max-width: 600px) 100vw, 600px\" \/><\/a>\n                                                    <\/td>\n<td>\n                                                            <a href=\"https:\/\/cvharhoura.com\/product\/hills-science-plan-aliment-pour-chaton-sterilise-au-poulet-300g\/\">HILL&rsquo;S SCIENCE PLAN Aliment pour Chaton St\u00e9rilis\u00e9 au POULET  &#8211;  300g<\/a><br \/>\n                <svg version=\"1.1\" xmlns=\"http:\/\/www.w3.org\/2000\/svg\" width=\".7em\" height=\".7em\" viewBox=\"0 0 24 24\">\n                    <path d=\"M23.52 11.4h-23.040c-0.264 0-0.48 0.216-0.48 0.48v0.24c0 0.264 0.216 0.48 0.48 0.48h23.040c0.264 0 0.48-0.216 0.48-0.48v-0.24c0-0.264-0.216-0.48-0.48-0.48z\"><\/path>\n                <\/svg><br \/>\n        \t<label for=\"quantity_67ce068a911d5\">quantit\u00e9 de HILL&#039;S SCIENCE PLAN Aliment pour Chaton St\u00e9rilis\u00e9 au POULET  &#8211;  300g<\/label><br \/>\n\t<input\n\t\ttype=\"number\"\n\t\t\t\tid=\"quantity_67ce068a911d5\"\n\t\tclass=\"input-text qty text qty-duplicated\"\n\t\tname=\"cart[b147a61c1d07c1c999560f62add6dbc7][qty]\"\n\t\tvalue=\"1\"\n\t\taria-label=\"Quantit\u00e9 de produits\"\n\t\t\t\tmin=\"0\"\n\t\tmax=\"\"\n\t\t\t\t\tstep=\"1\"\n\t\t\tplaceholder=\"\"\n\t\t\tinputmode=\"numeric\"\n\t\t\tautocomplete=\"off\"\n\t\t\t\/><br \/>\n            <svg version=\"1.1\" xmlns=\"http:\/\/www.w3.org\/2000\/svg\" width=\".7em\" height=\".7em\" viewBox=\"0 0 24 24\">\n                <path d=\"M23.52 11.4h-10.92v-10.92c0-0.264-0.216-0.48-0.48-0.48h-0.24c-0.264 0-0.48 0.216-0.48 0.48v10.92h-10.92c-0.264 0-0.48 0.216-0.48 0.48v0.24c0 0.264 0.216 0.48 0.48 0.48h10.92v10.92c0 0.264 0.216 0.48 0.48 0.48h0.24c0.264 0 0.48-0.216 0.48-0.48v-10.92h10.92c0.264 0 0.48-0.216 0.48-0.48v-0.24c0-0.264-0.216-0.48-0.48-0.48z\"><\/path>\n                <\/svg><br \/>\n &times;&nbsp;<bdi>60.00&nbsp;MAD<\/bdi><br \/>\n                                                                Sous-total: <bdi>60.00&nbsp;MAD<\/bdi><br \/>\n                                                            <a href=\"https:\/\/cvharhoura.com\/cart\/?remove_item=b147a61c1d07c1c999560f62add6dbc7&#038;_wpnonce=cda0af9b2f\" title=\"Remove HILL&#039;S SCIENCE PLAN Aliment pour Chaton St\u00e9rilis\u00e9 au POULET  -  300g from cart\">Remove<\/a>\n                                                <\/td>\n<td data-title=\"Price\">\n                                                    <bdi>60.00&nbsp;MAD<\/bdi>                                                <\/td>\n<td data-title=\"Quantity\">\n                <svg version=\"1.1\" xmlns=\"http:\/\/www.w3.org\/2000\/svg\" width=\".7em\" height=\".7em\" viewBox=\"0 0 24 24\">\n                    <path d=\"M23.52 11.4h-23.040c-0.264 0-0.48 0.216-0.48 0.48v0.24c0 0.264 0.216 0.48 0.48 0.48h23.040c0.264 0 0.48-0.216 0.48-0.48v-0.24c0-0.264-0.216-0.48-0.48-0.48z\"><\/path>\n                <\/svg><br \/>\n        \t<label for=\"quantity_67ce068a913cf\">quantit\u00e9 de HILL&#039;S SCIENCE PLAN Aliment pour Chaton St\u00e9rilis\u00e9 au POULET  &#8211;  300g<\/label><br \/>\n\t<input\n\t\ttype=\"number\"\n\t\t\t\tid=\"quantity_67ce068a913cf\"\n\t\tclass=\"input-text qty text\"\n\t\tname=\"cart[b147a61c1d07c1c999560f62add6dbc7][qty]\"\n\t\tvalue=\"1\"\n\t\taria-label=\"Quantit\u00e9 de produits\"\n\t\t\t\tmin=\"0\"\n\t\tmax=\"\"\n\t\t\t\t\tstep=\"1\"\n\t\t\tplaceholder=\"\"\n\t\t\tinputmode=\"numeric\"\n\t\t\tautocomplete=\"off\"\n\t\t\t\/><br \/>\n            <svg version=\"1.1\" xmlns=\"http:\/\/www.w3.org\/2000\/svg\" width=\".7em\" height=\".7em\" viewBox=\"0 0 24 24\">\n                <path d=\"M23.52 11.4h-10.92v-10.92c0-0.264-0.216-0.48-0.48-0.48h-0.24c-0.264 0-0.48 0.216-0.48 0.48v10.92h-10.92c-0.264 0-0.48 0.216-0.48 0.48v0.24c0 0.264 0.216 0.48 0.48 0.48h10.92v10.92c0 0.264 0.216 0.48 0.48 0.48h0.24c0.264 0 0.48-0.216 0.48-0.48v-10.92h10.92c0.264 0 0.48-0.216 0.48-0.48v-0.24c0-0.264-0.216-0.48-0.48-0.48z\"><\/path>\n                <\/svg>\n                                                <\/td>\n<td data-title=\"Subtotal\">\n                                                    <bdi>60.00&nbsp;MAD<\/bdi>                                                <\/td>\n<\/tr>\n<\/tbody>\n<\/table>\n<form method=\"post\">\n                                        <label for=\"coupon_code\">Coupon:<\/label><br \/>\n                                        <input type=\"text\" name=\"coupon_code\" id=\"coupon_code\" value=\"\" placeholder=\"Coupon code\" \/><br \/>\n                                        <input type=\"submit\" name=\"apply_coupon\" value=\"OK\" \/><br \/>\n                                <\/form>\n<p>                                                            <a><br \/>\n                                Clear shopping cart<br \/>\n                                                                    <\/a><br \/>\n                                                        <button type=\"submit\" name=\"update_cart\" value=\"Update cart\"><br \/>\n                                    Update cart<br \/>\n                                                            <\/button><br \/>\n                            <input type=\"hidden\" id=\"_wpnonce\" name=\"_wpnonce\" value=\"cda0af9b2f\" \/><input type=\"hidden\" name=\"_wp_http_referer\" value=\"\/wp-admin\/admin-ajax.php\" \/><br \/>\n                <\/form>\n<h3>Total panier<\/h3>\n<table cellspacing=\"0\">\n<tr>\n<th>Sous-total<\/th>\n<td data-title=\"Sous-total\"><bdi>60.00&nbsp;MAD<\/bdi><\/td>\n<\/tr>\n<tr>\n<th>\n            Exp\u00e9dition        <\/th>\n<td data-title=\"Exp\u00e9dition\">\n<ul id=\"shipping_method\">\n<li>\n                            <input type=\"hidden\" name=\"shipping_method[0]\" data-index=\"0\" id=\"shipping_method_0_free_shipping3\" value=\"free_shipping:3\" \/><label for=\"shipping_method_0_free_shipping3\">Livraison gratuite<\/label>                        <\/li>\n<\/ul>\n<\/td>\n<\/tr>\n<tr>\n<th>Total<\/th>\n<td data-title=\"Total\"><strong><bdi>60.00&nbsp;MAD<\/bdi><\/strong> <\/td>\n<\/tr>\n<\/table>\n<p><a href=\"https:\/\/cvharhoura.com\/checkout\/\"><br \/>\n\tCommander<\/a><br \/>\n<a href=\"https:\/\/cvharhoura.com\/shop\/\">Continuer vos achats<\/a><\/p>\n","protected":false},"excerpt":{"rendered":"<p>Produit Prix Quantit\u00e9 Sous-total HILL&rsquo;S SCIENCE PLAN Aliment pour Chaton St\u00e9rilis\u00e9 au&#8230;<\/p>","protected":false},"author":1,"featured_media":0,"parent":0,"menu_order":0,"comment_status":"closed","ping_status":"closed","template":"","meta":{"footnotes":""},"_hostinger_reach_plugin_has_subscription_block":false,"_hostinger_reach_plugin_is_elementor":false,"_links":{"self":[{"href":"https:\/\/cvharhoura.com\/en\/wp-json\/wp\/v2\/pages\/17"}],"collection":[{"href":"https:\/\/cvharhoura.com\/en\/wp-json\/wp\/v2\/pages"}],"about":[{"href":"https:\/\/cvharhoura.com\/en\/wp-json\/wp\/v2\/types\/page"}],"author":[{"embeddable":true,"href":"https:\/\/cvharhoura.com\/en\/wp-json\/wp\/v2\/users\/1"}],"replies":[{"embeddable":true,"href":"https:\/\/cvharhoura.com\/en\/wp-json\/wp\/v2\/comments?post=17"}],"version-history":[{"count":9,"href":"https:\/\/cvharhoura.com\/en\/wp-json\/wp\/v2\/pages\/17\/revisions"}],"predecessor-version":[{"id":1955,"href":"https:\/\/cvharhoura.com\/en\/wp-json\/wp\/v2\/pages\/17\/revisions\/1955"}],"wp:attachment":[{"href":"https:\/\/cvharhoura.com\/en\/wp-json\/wp\/v2\/media?parent=17"}],"curies":[{"name":"wp","href":"https:\/\/api.w.org\/{rel}","templated":true}]}}